{"id":133,"date":"2019-02-24T21:30:49","date_gmt":"2019-02-24T20:30:49","guid":{"rendered":"https:\/\/wordpress.jad.cyon.site\/?page_id=133"},"modified":"2020-08-05T18:24:52","modified_gmt":"2020-08-05T16:24:52","slug":"projekte-aktivitaeten","status":"publish","type":"page","link":"https:\/\/jugendarbeit-dornach.ch\/index.php\/projekte-aktivitaeten\/","title":{"rendered":"Projekte &#038; Aktivit\u00e4ten"},"content":{"rendered":"\n\n\n<p class=\"has-text-align-left\"><\/p>\n\n\n\n<p>Gerne begleiten wir Jugendliche bei der Umsetzung von Ideen f\u00fcr Projekte, Aktivit\u00e4ten und Ausfl\u00fcge.<\/p>\n\n\n\n<p><\/p>\n\n\n\n<p><\/p>\n\n\n\n<h2 class=\"wp-block-heading\">Konkret<\/h2>\n\n\n\n      <div id=\"post-grid-lazy-413\" class=\"post-grid-lazy\"><img decoding=\"async\" alt=\"\" src=\"\" \/><\/div>\n    <script>\n      jQuery('#post-grid-lazy-413').ready(function($) {\n        $('#post-grid-lazy-413').fadeOut();\n        $('#post-grid-413   ').fadeIn();\n      })\n    <\/script>\n    <style type=\"text\/css\">\n      #post-grid-413 {\n        display: none;\n      }\n\n      .post-grid-lazy {\n        text-align: center;\n      }\n    <\/style>\n    <div data-options='{&quot;id&quot;:&quot;413&quot;,&quot;lazy_load&quot;:&quot;yes&quot;,&quot;masonry_enable&quot;:&quot;no&quot;,&quot;view_type&quot;:&quot;grid&quot;}' id=\"post-grid-413\" class=\"post-grid grid\">\n        <div class=\"grid-items\">\n      <div class=\"item item-2050 skin flat even 0 \">\n        <div class=\"layer-wrapper layout-\">\n        <div class=\"layer-media\"><a href=\"https:\/\/jugendarbeit-dornach.ch\/index.php\/2026\/04\/14\/spielmobil-bewegung-und-spass\/\"><img decoding=\"async\" src=\"https:\/\/jugendarbeit-dornach.ch\/wordpress\/wp-content\/uploads\/2025\/06\/20250521_153422-1024x852.jpg\" \/><\/a><\/div>\n  <div class=\"layer-content\">\n        <div\n        class=\"element element_0  element-media \">\n            <\/div>\n    <div class=\"element element_1  title_link \">\n                    <a target=\"\"\n                href=\"https:\/\/jugendarbeit-dornach.ch\/index.php\/2026\/04\/14\/spielmobil-bewegung-und-spass\/\">Spielmobil &#8211; Bewegung und Spass<\/a>\n            <\/div>\n    <div class=\"element element_2  excerpt \">\n        Ab den Fr\u00fchlingsferien bis zu den Herbstferien wird jeden Mittwoch Nachmittag bei trockenem Wetter das Spielmobil ge\u00f6ffnet. Unz\u00e4hlige Fahrzeuge und            <\/div>\n            <a class=\"element element_3  read_more \"\n            target=\"\"\n            href=\"https:\/\/jugendarbeit-dornach.ch\/index.php\/2026\/04\/14\/spielmobil-bewegung-und-spass\/\"><\/a>\n      <\/div>\n    <\/div>\n  <\/div><div class=\"item item-2048 skin flat odd 1 \">\n        <div class=\"layer-wrapper layout-\">\n        <div class=\"layer-media\"><a href=\"https:\/\/jugendarbeit-dornach.ch\/index.php\/2026\/04\/14\/happy-oase-in-therwil\/\"><img decoding=\"async\" src=\"https:\/\/jugendarbeit-dornach.ch\/wordpress\/wp-content\/uploads\/2026\/04\/Front-1024x724.jpg\" \/><\/a><\/div>\n  <div class=\"layer-content\">\n        <div\n        class=\"element element_0  element-media \">\n            <\/div>\n    <div class=\"element element_1  title_link \">\n                    <a target=\"\"\n                href=\"https:\/\/jugendarbeit-dornach.ch\/index.php\/2026\/04\/14\/happy-oase-in-therwil\/\">Happy Oase in Therwil<\/a>\n            <\/div>\n    <div class=\"element element_2  excerpt \">\n        Zwei Mal im Jahr findet die Happy Oase f\u00fcr M\u00e4dchen ab 11 Jahren statt. Diesen Fr\u00fchling in Therwil. Die Jugendarbeit            <\/div>\n            <a class=\"element element_3  read_more \"\n            target=\"\"\n            href=\"https:\/\/jugendarbeit-dornach.ch\/index.php\/2026\/04\/14\/happy-oase-in-therwil\/\"><\/a>\n      <\/div>\n    <\/div>\n  <\/div><div class=\"item item-2030 skin flat even 2 \">\n        <div class=\"layer-wrapper layout-\">\n        <div class=\"layer-media\"><a href=\"https:\/\/jugendarbeit-dornach.ch\/index.php\/2026\/03\/23\/kinderferiendorf-dornach-2026-gemeinsam-gestalten-wir-unser-dorf\/\"><img decoding=\"async\" src=\"https:\/\/jugendarbeit-dornach.ch\/wordpress\/wp-content\/uploads\/2026\/03\/Entwurf-1-724x1024.png\" \/><\/a><\/div>\n  <div class=\"layer-content\">\n        <div\n        class=\"element element_0  element-media \">\n            <\/div>\n    <div class=\"element element_1  title_link \">\n                    <a target=\"\"\n                href=\"https:\/\/jugendarbeit-dornach.ch\/index.php\/2026\/03\/23\/kinderferiendorf-dornach-2026-gemeinsam-gestalten-wir-unser-dorf\/\">Kinderferiendorf Dornach 2026: Gemeinsam gestalten wir unser Dorf!<\/a>\n            <\/div>\n    <div class=\"element element_2  excerpt \">\n        Endlich ist es wieder so weit: In der zweiten Osterferienwoche verwandelt sich das Wydeneck-Areal (ehemalige Swissmetall) erneut in einen Ort            <\/div>\n            <a class=\"element element_3  read_more \"\n            target=\"\"\n            href=\"https:\/\/jugendarbeit-dornach.ch\/index.php\/2026\/03\/23\/kinderferiendorf-dornach-2026-gemeinsam-gestalten-wir-unser-dorf\/\"><\/a>\n      <\/div>\n    <\/div>\n  <\/div><div class=\"item item-2018 skin flat odd 3 \">\n        <div class=\"layer-wrapper layout-\">\n        <div class=\"layer-media\"><a href=\"https:\/\/jugendarbeit-dornach.ch\/index.php\/2026\/02\/03\/kinderferiendorf-save-the-date\/\"><img decoding=\"async\" src=\"https:\/\/jugendarbeit-dornach.ch\/wordpress\/wp-content\/uploads\/2026\/03\/Save-the-date-26-819x1024.jpg\" \/><\/a><\/div>\n  <div class=\"layer-content\">\n        <div\n        class=\"element element_0  element-media \">\n            <\/div>\n    <div class=\"element element_1  title_link \">\n                    <a target=\"\"\n                href=\"https:\/\/jugendarbeit-dornach.ch\/index.php\/2026\/02\/03\/kinderferiendorf-save-the-date\/\">Kinderferiendorf &#8211; save the date<\/a>\n            <\/div>\n    <div class=\"element element_2  excerpt \">\n        Das beliebte Kinderferiendorf wird wieder stattfinden. Nach Ostern, noch in den Fr\u00fchlingsferien, vom 7. bis 10. April wird das Wydenareal            <\/div>\n            <a class=\"element element_3  read_more \"\n            target=\"\"\n            href=\"https:\/\/jugendarbeit-dornach.ch\/index.php\/2026\/02\/03\/kinderferiendorf-save-the-date\/\"><\/a>\n      <\/div>\n    <\/div>\n  <\/div><div class=\"item item-2016 skin flat even 4 \">\n        <div class=\"layer-wrapper layout-\">\n        <div class=\"layer-media\"><a href=\"https:\/\/jugendarbeit-dornach.ch\/index.php\/2026\/02\/03\/neu-turnhallensonntage\/\"><img decoding=\"async\" src=\"https:\/\/jugendarbeit-dornach.ch\/wordpress\/wp-content\/uploads\/2026\/02\/Turnhallen-Sonntag-2026-Plakat.jpg\" \/><\/a><\/div>\n  <div class=\"layer-content\">\n        <div\n        class=\"element element_0  element-media \">\n            <\/div>\n    <div class=\"element element_1  title_link \">\n                    <a target=\"\"\n                href=\"https:\/\/jugendarbeit-dornach.ch\/index.php\/2026\/02\/03\/neu-turnhallensonntage\/\">NEU: Turnhallensonntage<\/a>\n            <\/div>\n    <div class=\"element element_2  excerpt \">\n        Am 8. M\u00e4rz und 15. April ist es soweit: Ohne Anmeldung und kostenlos k\u00f6nnen Kinder bis zur 5. Klasse die            <\/div>\n            <a class=\"element element_3  read_more \"\n            target=\"\"\n            href=\"https:\/\/jugendarbeit-dornach.ch\/index.php\/2026\/02\/03\/neu-turnhallensonntage\/\"><\/a>\n      <\/div>\n    <\/div>\n  <\/div><div class=\"item item-2014 skin flat odd 5 \">\n        <div class=\"layer-wrapper layout-\">\n        <div class=\"layer-media\"><a href=\"https:\/\/jugendarbeit-dornach.ch\/index.php\/2026\/02\/03\/sportnacht-7-februar\/\"><img decoding=\"async\" src=\"https:\/\/jugendarbeit-dornach.ch\/wordpress\/wp-content\/uploads\/2026\/02\/WhatsApp-Image-2026-02-03-at-10.45.07-734x1024.jpeg\" \/><\/a><\/div>\n  <div class=\"layer-content\">\n        <div\n        class=\"element element_0  element-media \">\n            <\/div>\n    <div class=\"element element_1  title_link \">\n                    <a target=\"\"\n                href=\"https:\/\/jugendarbeit-dornach.ch\/index.php\/2026\/02\/03\/sportnacht-7-februar\/\">Sportnacht &#8211; 7. Februar!!!<\/a>\n            <\/div>\n    <div class=\"element element_2  excerpt \">\n                    <\/div>\n            <a class=\"element element_3  read_more \"\n            target=\"\"\n            href=\"https:\/\/jugendarbeit-dornach.ch\/index.php\/2026\/02\/03\/sportnacht-7-februar\/\"><\/a>\n      <\/div>\n    <\/div>\n  <\/div><div class=\"item item-2004 skin flat even 6 \">\n        <div class=\"layer-wrapper layout-\">\n        <div class=\"layer-media\"><a href=\"https:\/\/jugendarbeit-dornach.ch\/index.php\/2026\/01\/06\/jugi-56-daten-bis-sommerferien\/\"><img decoding=\"async\" src=\"https:\/\/jugendarbeit-dornach.ch\/wordpress\/wp-content\/uploads\/2026\/02\/Jugi-56-1-724x1024.jpg\" \/><\/a><\/div>\n  <div class=\"layer-content\">\n        <div\n        class=\"element element_0  element-media \">\n            <\/div>\n    <div class=\"element element_1  title_link \">\n                    <a target=\"\"\n                href=\"https:\/\/jugendarbeit-dornach.ch\/index.php\/2026\/01\/06\/jugi-56-daten-bis-sommerferien\/\">Jugi 56, Daten bis Sommerferien<\/a>\n            <\/div>\n    <div class=\"element element_2  excerpt \">\n                    <\/div>\n            <a class=\"element element_3  read_more \"\n            target=\"\"\n            href=\"https:\/\/jugendarbeit-dornach.ch\/index.php\/2026\/01\/06\/jugi-56-daten-bis-sommerferien\/\"><\/a>\n      <\/div>\n    <\/div>\n  <\/div><div class=\"item item-1955 skin flat odd 7 \">\n        <div class=\"layer-wrapper layout-\">\n        <div class=\"layer-media\"><a href=\"https:\/\/jugendarbeit-dornach.ch\/index.php\/2025\/12\/01\/adventsfenster-im-jugendhaus-17-12-2025-um-18-00-uhr\/\"><img decoding=\"async\" src=\"https:\/\/jugendarbeit-dornach.ch\/wordpress\/wp-content\/uploads\/2025\/12\/Flyer-Adventsfenster-1024x1024.jpg\" \/><\/a><\/div>\n  <div class=\"layer-content\">\n        <div\n        class=\"element element_0  element-media \">\n            <\/div>\n    <div class=\"element element_1  title_link \">\n                    <a target=\"\"\n                href=\"https:\/\/jugendarbeit-dornach.ch\/index.php\/2025\/12\/01\/adventsfenster-im-jugendhaus-17-12-2025-um-18-00-uhr\/\">Adventsfenster im Jugendhaus 17. 12. 2025 um 18.00 Uhr<\/a>\n            <\/div>\n    <div class=\"element element_2  excerpt \">\n        Den ganzen Advent hindurch wird in Dornach jeden Tag ein \"Fenster\" ge\u00f6ffnet. Auch die Jugendarbeit ist dabei und wir freuen            <\/div>\n            <a class=\"element element_3  read_more \"\n            target=\"\"\n            href=\"https:\/\/jugendarbeit-dornach.ch\/index.php\/2025\/12\/01\/adventsfenster-im-jugendhaus-17-12-2025-um-18-00-uhr\/\"><\/a>\n      <\/div>\n    <\/div>\n  <\/div><div class=\"item item-1978 skin flat even 8 \">\n        <div class=\"layer-wrapper layout-\">\n        <div class=\"layer-media\"><a href=\"https:\/\/jugendarbeit-dornach.ch\/index.php\/2025\/11\/22\/doppelter-jubel-in-solothurn-zwei-auszeichnungen-fuer-dornacher-jugendprojekte\/\"><img decoding=\"async\" src=\"https:\/\/jugendarbeit-dornach.ch\/wordpress\/wp-content\/uploads\/2025\/11\/Design-ohne-Titel-1024x1024.png\" \/><\/a><\/div>\n  <div class=\"layer-content\">\n        <div\n        class=\"element element_0  element-media \">\n            <\/div>\n    <div class=\"element element_1  title_link \">\n                    <a target=\"\"\n                href=\"https:\/\/jugendarbeit-dornach.ch\/index.php\/2025\/11\/22\/doppelter-jubel-in-solothurn-zwei-auszeichnungen-fuer-dornacher-jugendprojekte\/\">Zwei Auszeichnungen f\u00fcr Dornacher Jugendprojekte!<\/a>\n            <\/div>\n    <div class=\"element element_2  excerpt \">\n        Ein grossartiger Erfolg f\u00fcr die Jugend in Dornach: Bei der Preisverleihung \u00abAusgezeichnet!\u00bb am 22. November 2025 in der Kulturfabrik Kofmehl            <\/div>\n            <a class=\"element element_3  read_more \"\n            target=\"\"\n            href=\"https:\/\/jugendarbeit-dornach.ch\/index.php\/2025\/11\/22\/doppelter-jubel-in-solothurn-zwei-auszeichnungen-fuer-dornacher-jugendprojekte\/\"><\/a>\n      <\/div>\n    <\/div>\n  <\/div><div class=\"item item-1957 skin flat odd 9 \">\n        <div class=\"layer-wrapper layout-\">\n        <div class=\"layer-media\"><a href=\"https:\/\/jugendarbeit-dornach.ch\/index.php\/2025\/11\/17\/happy-oase-ein-voller-erfolg\/\"><img decoding=\"async\" src=\"https:\/\/jugendarbeit-dornach.ch\/wordpress\/wp-content\/uploads\/2025\/11\/DJ-Workshop-Kopie-1024x989.jpeg\" \/><\/a><\/div>\n  <div class=\"layer-content\">\n        <div\n        class=\"element element_0  element-media \">\n            <\/div>\n    <div class=\"element element_1  title_link \">\n                    <a target=\"\"\n                href=\"https:\/\/jugendarbeit-dornach.ch\/index.php\/2025\/11\/17\/happy-oase-ein-voller-erfolg\/\">\ud83d\udc96 Happy Oase: Ein voller Erfolg!<\/a>\n            <\/div>\n    <div class=\"element element_2  excerpt \">\n        Die&nbsp;Happy Oase&nbsp;am 15. November in Reinach war ein&nbsp;grossartiges Erlebnis&nbsp;und ein voller Erfolg! Organisiert vom&nbsp;Verein OKJA-BL&nbsp;in Zusammenarbeit mit den&nbsp;Fachstellen der Offenen            <\/div>\n            <a class=\"element element_3  read_more \"\n            target=\"\"\n            href=\"https:\/\/jugendarbeit-dornach.ch\/index.php\/2025\/11\/17\/happy-oase-ein-voller-erfolg\/\"><\/a>\n      <\/div>\n    <\/div>\n  <\/div>    <\/div>\n    <div class=\"pagination\">\n      <div class=\"paginate\">\n    <span aria-current=\"page\" class=\"page-numbers current\">1<\/span>\n<a class=\"page-numbers\" href=\"https:\/\/jugendarbeit-dornach.ch\/index.php\/wp-json\/wp\/v2\/pages\/133\/page\/2\/\">2<\/a>\n<a class=\"page-numbers\" href=\"https:\/\/jugendarbeit-dornach.ch\/index.php\/wp-json\/wp\/v2\/pages\/133\/page\/3\/\">3<\/a>\n<span class=\"page-numbers dots\">&hellip;<\/span>\n<a class=\"page-numbers\" href=\"https:\/\/jugendarbeit-dornach.ch\/index.php\/wp-json\/wp\/v2\/pages\/133\/page\/14\/\">14<\/a>\n<a class=\"next page-numbers\" href=\"https:\/\/jugendarbeit-dornach.ch\/index.php\/wp-json\/wp\/v2\/pages\/133\/page\/2\/\">Next \u00bb<\/a>  <\/div>\n  <style type=\"text\/css\">\n    #post-grid-413 .pagination .page-numbers {\n      font-size: 16px;\n      color: #fff;\n      background: #646464;\n    }\n\n    #post-grid-413 .pagination .page-numbers:hover,\n    #post-grid-413 .pagination .page-numbers.current {\n      background: #4b4b4b;\n    }\n  <\/style>\n  <\/div>\n      <script>\n          <\/script>\n    <style type=\"text\/css\">\n    #post-grid-413 .element_0 {\n      display: block;font-size: 21px;line-height: normal;padding: 5px 10px;text-align: left; text-decoration: none;    }\n\n    #post-grid-413 .element_1 {\n      display: block;font-size: 21px;line-height: normal;padding: 5px 10px;text-align: left; text-decoration: none;    }\n\n    #post-grid-413 .element_2 {\n      display: block;font-size: 14px;padding: 5px 10px;text-align: left;    }\n\n    #post-grid-413 .element_3 {\n      display: block;font-size: 12px;font-weight: bold;padding: 0 10px;text-align: left;text-decoration: none;    }\n\n    #post-grid-413 .element_0:hover{}#post-grid-413 .element_1:hover{}#post-grid-413 .element_2:hover{}#post-grid-413 .element_3:hover{}  <\/style>\n  <style type=\"text\/css\">\n    #post-grid-413 {\n      padding: 10px;\n          }\n\n    #post-grid-413 .item {\n      padding: 0px;\n      background: #fff;\n          }\n\n    #post-grid-413 .item .layer-media {\n      height:auto;    }\n\n    @media only screen and (min-width: 0px) and (max-width: 767px) {\n      #post-grid-413 .grid-items {\n        text-align: center;\n              }\n\n      #post-grid-413 .item {\n        width: 90%;\n        margin: 10px;\n        display: inline-block;\n        vertical-align: top;\n        height:auto;      }\n    }\n\n    @media only screen and (min-width: 768px) and (max-width: 1023px) {\n      #post-grid-413 .grid-items {\n        text-align: center;\n              }\n\n      #post-grid-413 .item {\n        width: 280px;\n        margin: 10px;\n        display: inline-block;\n        vertical-align: top;\n        max-height:auto;      }\n    }\n\n    @media only screen and (min-width: 1024px) {\n      #post-grid-413 .grid-items {\n        text-align: center;\n              }\n\n      #post-grid-413 .item {\n        width: 280px;\n        display: inline-block;\n        margin: 10px;\n        vertical-align: top;\n        height:auto;      }\n    }\n\n      <\/style>\n  <\/div>\n\n\n\n<ul class=\"wp-block-latest-posts__list is-grid columns-1 wp-block-latest-posts\"><li><a class=\"wp-block-latest-posts__post-title\" href=\"https:\/\/jugendarbeit-dornach.ch\/index.php\/2026\/04\/14\/spielmobil-bewegung-und-spass\/\">Spielmobil &#8211; Bewegung und Spass<\/a><div class=\"wp-block-latest-posts__post-excerpt\">Ab den Fr\u00fchlingsferien bis zu den Herbstferien wird jeden Mittwoch Nachmittag bei trockenem Wetter das Spielmobil ge\u00f6ffnet. Unz\u00e4hlige Fahrzeuge und allerlei Spielger\u00e4te laden zum Bewegen und Ausprobieren ein. Jeweils von 14.00 bis 17.00 Uhr.<\/div><\/li>\n<li><a class=\"wp-block-latest-posts__post-title\" href=\"https:\/\/jugendarbeit-dornach.ch\/index.php\/2026\/04\/14\/happy-oase-in-therwil\/\">Happy Oase in Therwil<\/a><div class=\"wp-block-latest-posts__post-excerpt\">Zwei Mal im Jahr findet die Happy Oase f\u00fcr M\u00e4dchen ab 11 Jahren statt. Diesen Fr\u00fchling in Therwil. Die Jugendarbeit begleitet gerne alle M\u00e4dchen aus Dornach, welche sich angemeldet haben. Freut Euch auf einen Tag voller Spass und tollen Aktivit\u00e4ten!<\/div><\/li>\n<li><a class=\"wp-block-latest-posts__post-title\" href=\"https:\/\/jugendarbeit-dornach.ch\/index.php\/2026\/03\/23\/kinderferiendorf-dornach-2026-gemeinsam-gestalten-wir-unser-dorf\/\">Kinderferiendorf Dornach 2026: Gemeinsam gestalten wir unser Dorf!<\/a><div class=\"wp-block-latest-posts__post-excerpt\">Endlich ist es wieder so weit: In der zweiten Osterferienwoche verwandelt sich das Wydeneck-Areal (ehemalige Swissmetall) erneut in einen Ort voller Kreativit\u00e4t, Bewegung und Begegnung. Vom 7. bis 10. April 2026 laden wir euch t\u00e4glich von 14.00 bis 18.00 Uhr ein, Teil des preisgekr\u00f6nten Kinderferiendorfs zu werden. Ein Programm, das keine W\u00fcnsche offen l\u00e4sst Unter dem bew\u00e4hrten Motto \u201eGemeinsam gestalten wir unser Feriendorf\u201c haben wir zusammen mit dem Wydekraftwerk und vielen Partnern ein riesiges Angebot f\u00fcr euch auf die Beine gestellt. Ob handwerkliches Geschick, sportlicher Ehrgeiz oder kreative Entfaltung \u2013 hier ist f\u00fcr jeden etwas dabei: Verpflegung und Gem\u00fctlichkeit Was<\/div><\/li>\n<li><a class=\"wp-block-latest-posts__post-title\" href=\"https:\/\/jugendarbeit-dornach.ch\/index.php\/2026\/02\/03\/kinderferiendorf-save-the-date\/\">Kinderferiendorf &#8211; save the date<\/a><div class=\"wp-block-latest-posts__post-excerpt\">Das beliebte Kinderferiendorf wird wieder stattfinden. Nach Ostern, noch in den Fr\u00fchlingsferien, vom 7. bis 10. April wird das Wydenareal wieder mit Spiel und Spass belebt. Auch viele verschiedene Bastel- und Werkangebote werden euch erwarten. Vier Nachmittage Freude, Lachen und gemeinsames Wirken!<\/div><\/li>\n<\/ul>\n\n<p><\/p>","protected":false},"excerpt":{"rendered":"<p>Gerne begleiten wir Jugendliche bei der Umsetzung von Ideen f\u00fcr Projekte, Aktivit\u00e4ten und Ausfl\u00fcge. Konkret<\/p>\n","protected":false},"author":1,"featured_media":0,"parent":0,"menu_order":0,"comment_status":"closed","ping_status":"closed","template":"","meta":{"footnotes":""},"class_list":["post-133","page","type-page","status-publish","hentry","comments-off"],"_links":{"self":[{"href":"https:\/\/jugendarbeit-dornach.ch\/index.php\/wp-json\/wp\/v2\/pages\/133","targetHints":{"allow":["GET"]}}],"collection":[{"href":"https:\/\/jugendarbeit-dornach.ch\/index.php\/wp-json\/wp\/v2\/pages"}],"about":[{"href":"https:\/\/jugendarbeit-dornach.ch\/index.php\/wp-json\/wp\/v2\/types\/page"}],"author":[{"embeddable":true,"href":"https:\/\/jugendarbeit-dornach.ch\/index.php\/wp-json\/wp\/v2\/users\/1"}],"replies":[{"embeddable":true,"href":"https:\/\/jugendarbeit-dornach.ch\/index.php\/wp-json\/wp\/v2\/comments?post=133"}],"version-history":[{"count":24,"href":"https:\/\/jugendarbeit-dornach.ch\/index.php\/wp-json\/wp\/v2\/pages\/133\/revisions"}],"predecessor-version":[{"id":445,"href":"https:\/\/jugendarbeit-dornach.ch\/index.php\/wp-json\/wp\/v2\/pages\/133\/revisions\/445"}],"wp:attachment":[{"href":"https:\/\/jugendarbeit-dornach.ch\/index.php\/wp-json\/wp\/v2\/media?parent=133"}],"curies":[{"name":"wp","href":"https:\/\/api.w.org\/{rel}","templated":true}]}}