{"id":1716,"date":"2025-02-17T10:12:59","date_gmt":"2025-02-17T09:12:59","guid":{"rendered":"https:\/\/jugendarbeit-dornach.ch\/?page_id=1716"},"modified":"2025-11-18T10:06:30","modified_gmt":"2025-11-18T09:06:30","slug":"birsplatz","status":"publish","type":"page","link":"https:\/\/jugendarbeit-dornach.ch\/index.php\/birsplatz\/","title":{"rendered":"Birsplatz"},"content":{"rendered":"\n<p><\/p>\n\n\n\n<p>Der&nbsp;<strong>Treffpunkt Birsplatz<\/strong>&nbsp;in Dornach soll einen attraktiven Ort f\u00fcr Jugendliche schaffen. Leonie Schnieper, Fabian Immeli und Arianna M\u00fchlheim haben ein Konzept erarbeitet, das einen gesch\u00fctzten, naturnahen Raum bietet, um zu entspannen und die Freizeit zu genie\u00dfen.&nbsp;Der Treffpunkt wird mit einer&nbsp;<strong>Feuerstelle<\/strong>,&nbsp;<strong>Holzb\u00e4nken<\/strong>&nbsp;und&nbsp;<strong>Tischen<\/strong>ausgestattet sowie einem gedeckten Unterstand f\u00fcr jede Wetterlage. Die&nbsp;<strong>Jugendarbeit Dornach<\/strong>&nbsp;unterst\u00fctzt die Umsetzung. Zuk\u00fcnftige Projekte, wie Sportangebote, sind ebenfalls geplant, um den Platz noch attraktiver zu gestalten.<\/p>\n\n\n\n<p><\/p>\n\n\n\n<figure class=\"wp-block-image size-large\"><img fetchpriority=\"high\" decoding=\"async\" width=\"1024\" height=\"768\" src=\"https:\/\/jugendarbeit-dornach.ch\/wordpress\/wp-content\/uploads\/2025\/02\/visualisierung-grob-1024x768.png\" alt=\"\" class=\"wp-image-1718\" srcset=\"https:\/\/jugendarbeit-dornach.ch\/wordpress\/wp-content\/uploads\/2025\/02\/visualisierung-grob-1024x768.png 1024w, https:\/\/jugendarbeit-dornach.ch\/wordpress\/wp-content\/uploads\/2025\/02\/visualisierung-grob-300x225.png 300w, https:\/\/jugendarbeit-dornach.ch\/wordpress\/wp-content\/uploads\/2025\/02\/visualisierung-grob-768x576.png 768w, https:\/\/jugendarbeit-dornach.ch\/wordpress\/wp-content\/uploads\/2025\/02\/visualisierung-grob-1536x1152.png 1536w, https:\/\/jugendarbeit-dornach.ch\/wordpress\/wp-content\/uploads\/2025\/02\/visualisierung-grob-600x450.png 600w, https:\/\/jugendarbeit-dornach.ch\/wordpress\/wp-content\/uploads\/2025\/02\/visualisierung-grob.png 1600w\" sizes=\"(max-width: 1024px) 100vw, 1024px\" \/><\/figure>\n\n\n\n<h2 class=\"wp-block-heading\">Aktionstag<\/h2>\n\n\n\n<p>Am 24. Mai 2025 markierte der Aktionstag die Er\u00f6ffnung der ersten Etappe des Projekts \u00abTreffpunkt Birsplatz\u00bb in Dornach, um einen neuen Treffpunkt f\u00fcr Jugendliche, junge Erwachsene und Familien zu schaffen und das Bed\u00fcrfnis nach gedeckten Fl\u00e4chen im Freien zu adressieren. Dabei wurden trotz grosser Herausforderung erfolgreich ein gedeckter Unterstand und eine Feuerstelle mit Sitzsteinen errichtet, begleitet von gemeinschaftlichem Arbeiten und Grillieren mit rund 20 Helfenden. Dieser Tag war ein grosser Erfolg und ein wichtiger Meilenstein f\u00fcr die Grundausstattung des Platzes, der zuk\u00fcnftig noch erweitert werden soll.<\/p>\n\n\n\n<figure class=\"wp-block-gallery has-nested-images columns-default is-cropped wp-block-gallery-1 is-layout-flex wp-block-gallery-is-layout-flex\">\n<figure class=\"wp-block-image size-large\"><img decoding=\"async\" width=\"640\" height=\"480\" data-id=\"1862\" src=\"https:\/\/jugendarbeit-dornach.ch\/wordpress\/wp-content\/uploads\/2025\/06\/20250524_101231.jpg\" alt=\"\" class=\"wp-image-1862\" srcset=\"https:\/\/jugendarbeit-dornach.ch\/wordpress\/wp-content\/uploads\/2025\/06\/20250524_101231.jpg 640w, https:\/\/jugendarbeit-dornach.ch\/wordpress\/wp-content\/uploads\/2025\/06\/20250524_101231-300x225.jpg 300w, https:\/\/jugendarbeit-dornach.ch\/wordpress\/wp-content\/uploads\/2025\/06\/20250524_101231-600x450.jpg 600w\" sizes=\"(max-width: 640px) 100vw, 640px\" \/><\/figure>\n\n\n\n<figure class=\"wp-block-image size-large\"><img decoding=\"async\" width=\"480\" height=\"640\" data-id=\"1863\" src=\"https:\/\/jugendarbeit-dornach.ch\/wordpress\/wp-content\/uploads\/2025\/06\/20250524_101255.jpg\" alt=\"\" class=\"wp-image-1863\" srcset=\"https:\/\/jugendarbeit-dornach.ch\/wordpress\/wp-content\/uploads\/2025\/06\/20250524_101255.jpg 480w, https:\/\/jugendarbeit-dornach.ch\/wordpress\/wp-content\/uploads\/2025\/06\/20250524_101255-225x300.jpg 225w\" sizes=\"(max-width: 480px) 100vw, 480px\" \/><\/figure>\n\n\n\n<figure class=\"wp-block-image size-large\"><img loading=\"lazy\" decoding=\"async\" width=\"640\" height=\"480\" data-id=\"1860\" src=\"https:\/\/jugendarbeit-dornach.ch\/wordpress\/wp-content\/uploads\/2025\/06\/20250524_101247.jpg\" alt=\"\" class=\"wp-image-1860\" srcset=\"https:\/\/jugendarbeit-dornach.ch\/wordpress\/wp-content\/uploads\/2025\/06\/20250524_101247.jpg 640w, https:\/\/jugendarbeit-dornach.ch\/wordpress\/wp-content\/uploads\/2025\/06\/20250524_101247-300x225.jpg 300w, https:\/\/jugendarbeit-dornach.ch\/wordpress\/wp-content\/uploads\/2025\/06\/20250524_101247-600x450.jpg 600w\" sizes=\"(max-width: 640px) 100vw, 640px\" \/><\/figure>\n\n\n\n<figure class=\"wp-block-image size-large\"><img loading=\"lazy\" decoding=\"async\" width=\"480\" height=\"640\" data-id=\"1861\" src=\"https:\/\/jugendarbeit-dornach.ch\/wordpress\/wp-content\/uploads\/2025\/06\/20250524_101952.jpg\" alt=\"\" class=\"wp-image-1861\" srcset=\"https:\/\/jugendarbeit-dornach.ch\/wordpress\/wp-content\/uploads\/2025\/06\/20250524_101952.jpg 480w, https:\/\/jugendarbeit-dornach.ch\/wordpress\/wp-content\/uploads\/2025\/06\/20250524_101952-225x300.jpg 225w\" sizes=\"(max-width: 480px) 100vw, 480px\" \/><\/figure>\n\n\n\n<figure class=\"wp-block-image size-large\"><img loading=\"lazy\" decoding=\"async\" width=\"480\" height=\"640\" data-id=\"1858\" src=\"https:\/\/jugendarbeit-dornach.ch\/wordpress\/wp-content\/uploads\/2025\/06\/20250524_120030.jpg\" alt=\"\" class=\"wp-image-1858\" srcset=\"https:\/\/jugendarbeit-dornach.ch\/wordpress\/wp-content\/uploads\/2025\/06\/20250524_120030.jpg 480w, https:\/\/jugendarbeit-dornach.ch\/wordpress\/wp-content\/uploads\/2025\/06\/20250524_120030-225x300.jpg 225w\" sizes=\"(max-width: 480px) 100vw, 480px\" \/><\/figure>\n\n\n\n<figure class=\"wp-block-image size-large\"><img loading=\"lazy\" decoding=\"async\" width=\"480\" height=\"640\" data-id=\"1859\" src=\"https:\/\/jugendarbeit-dornach.ch\/wordpress\/wp-content\/uploads\/2025\/06\/20250524_120948.jpg\" alt=\"\" class=\"wp-image-1859\" srcset=\"https:\/\/jugendarbeit-dornach.ch\/wordpress\/wp-content\/uploads\/2025\/06\/20250524_120948.jpg 480w, https:\/\/jugendarbeit-dornach.ch\/wordpress\/wp-content\/uploads\/2025\/06\/20250524_120948-225x300.jpg 225w\" sizes=\"(max-width: 480px) 100vw, 480px\" \/><\/figure>\n<\/figure>\n\n\n\n<h2 class=\"wp-block-heading\">Aufgebaut<\/h2>\n\n\n\n<figure class=\"wp-block-gallery has-nested-images columns-default is-cropped wp-block-gallery-2 is-layout-flex wp-block-gallery-is-layout-flex\">\n<figure class=\"wp-block-image size-large\"><img loading=\"lazy\" decoding=\"async\" width=\"1024\" height=\"768\" data-id=\"1970\" src=\"https:\/\/jugendarbeit-dornach.ch\/wordpress\/wp-content\/uploads\/2025\/11\/feuerstelle-1024x768.jpg\" alt=\"\" class=\"wp-image-1970\" srcset=\"https:\/\/jugendarbeit-dornach.ch\/wordpress\/wp-content\/uploads\/2025\/11\/feuerstelle-1024x768.jpg 1024w, https:\/\/jugendarbeit-dornach.ch\/wordpress\/wp-content\/uploads\/2025\/11\/feuerstelle-300x225.jpg 300w, https:\/\/jugendarbeit-dornach.ch\/wordpress\/wp-content\/uploads\/2025\/11\/feuerstelle-768x576.jpg 768w, https:\/\/jugendarbeit-dornach.ch\/wordpress\/wp-content\/uploads\/2025\/11\/feuerstelle-1536x1152.jpg 1536w, https:\/\/jugendarbeit-dornach.ch\/wordpress\/wp-content\/uploads\/2025\/11\/feuerstelle-2048x1536.jpg 2048w, https:\/\/jugendarbeit-dornach.ch\/wordpress\/wp-content\/uploads\/2025\/11\/feuerstelle-600x450.jpg 600w\" sizes=\"(max-width: 1024px) 100vw, 1024px\" \/><\/figure>\n\n\n\n<figure class=\"wp-block-image size-large\"><img loading=\"lazy\" decoding=\"async\" width=\"1024\" height=\"468\" data-id=\"1969\" src=\"https:\/\/jugendarbeit-dornach.ch\/wordpress\/wp-content\/uploads\/2025\/11\/Birsplatz-Unterstand-1024x468.jpg\" alt=\"\" class=\"wp-image-1969\" srcset=\"https:\/\/jugendarbeit-dornach.ch\/wordpress\/wp-content\/uploads\/2025\/11\/Birsplatz-Unterstand-1024x468.jpg 1024w, https:\/\/jugendarbeit-dornach.ch\/wordpress\/wp-content\/uploads\/2025\/11\/Birsplatz-Unterstand-300x137.jpg 300w, https:\/\/jugendarbeit-dornach.ch\/wordpress\/wp-content\/uploads\/2025\/11\/Birsplatz-Unterstand-768x351.jpg 768w, https:\/\/jugendarbeit-dornach.ch\/wordpress\/wp-content\/uploads\/2025\/11\/Birsplatz-Unterstand.jpg 1417w\" sizes=\"(max-width: 1024px) 100vw, 1024px\" \/><\/figure>\n<\/figure>\n\n\n\n<hr class=\"wp-block-separator has-alpha-channel-opacity\"\/>\n\n\n\n<h2 class=\"wp-block-heading\">Picknicktisch f\u00fcr den Birsplatz<\/h2>\n\n\n\n<figure class=\"wp-block-gallery has-nested-images columns-default is-cropped wp-block-gallery-3 is-layout-flex wp-block-gallery-is-layout-flex\">\n<figure class=\"wp-block-image size-large\"><img loading=\"lazy\" decoding=\"async\" width=\"1024\" height=\"807\" data-id=\"1967\" src=\"https:\/\/jugendarbeit-dornach.ch\/wordpress\/wp-content\/uploads\/2025\/11\/fuesse-schrauben-klein-1024x807.jpg\" alt=\"\" class=\"wp-image-1967\" srcset=\"https:\/\/jugendarbeit-dornach.ch\/wordpress\/wp-content\/uploads\/2025\/11\/fuesse-schrauben-klein-1024x807.jpg 1024w, https:\/\/jugendarbeit-dornach.ch\/wordpress\/wp-content\/uploads\/2025\/11\/fuesse-schrauben-klein-300x236.jpg 300w, https:\/\/jugendarbeit-dornach.ch\/wordpress\/wp-content\/uploads\/2025\/11\/fuesse-schrauben-klein-768x605.jpg 768w, https:\/\/jugendarbeit-dornach.ch\/wordpress\/wp-content\/uploads\/2025\/11\/fuesse-schrauben-klein-1536x1210.jpg 1536w, https:\/\/jugendarbeit-dornach.ch\/wordpress\/wp-content\/uploads\/2025\/11\/fuesse-schrauben-klein.jpg 1800w\" sizes=\"(max-width: 1024px) 100vw, 1024px\" \/><\/figure>\n\n\n\n<figure class=\"wp-block-image size-large\"><img loading=\"lazy\" decoding=\"async\" width=\"1024\" height=\"719\" data-id=\"1966\" src=\"https:\/\/jugendarbeit-dornach.ch\/wordpress\/wp-content\/uploads\/2025\/11\/alle-klein-1024x719.jpg\" alt=\"\" class=\"wp-image-1966\" srcset=\"https:\/\/jugendarbeit-dornach.ch\/wordpress\/wp-content\/uploads\/2025\/11\/alle-klein-1024x719.jpg 1024w, https:\/\/jugendarbeit-dornach.ch\/wordpress\/wp-content\/uploads\/2025\/11\/alle-klein-300x211.jpg 300w, https:\/\/jugendarbeit-dornach.ch\/wordpress\/wp-content\/uploads\/2025\/11\/alle-klein-768x539.jpg 768w, https:\/\/jugendarbeit-dornach.ch\/wordpress\/wp-content\/uploads\/2025\/11\/alle-klein-1536x1079.jpg 1536w, https:\/\/jugendarbeit-dornach.ch\/wordpress\/wp-content\/uploads\/2025\/11\/alle-klein.jpg 1800w\" sizes=\"(max-width: 1024px) 100vw, 1024px\" \/><\/figure>\n\n\n\n<figure class=\"wp-block-image size-large\"><img loading=\"lazy\" decoding=\"async\" width=\"995\" height=\"906\" data-id=\"1965\" src=\"https:\/\/jugendarbeit-dornach.ch\/wordpress\/wp-content\/uploads\/2025\/11\/Sitzen-am-Tisch-klein.jpeg\" alt=\"\" class=\"wp-image-1965\" srcset=\"https:\/\/jugendarbeit-dornach.ch\/wordpress\/wp-content\/uploads\/2025\/11\/Sitzen-am-Tisch-klein.jpeg 995w, https:\/\/jugendarbeit-dornach.ch\/wordpress\/wp-content\/uploads\/2025\/11\/Sitzen-am-Tisch-klein-300x273.jpeg 300w, https:\/\/jugendarbeit-dornach.ch\/wordpress\/wp-content\/uploads\/2025\/11\/Sitzen-am-Tisch-klein-768x699.jpeg 768w\" sizes=\"(max-width: 995px) 100vw, 995px\" \/><\/figure>\n<\/figure>\n\n\n\n<p>Obwohl die Errichtung einfacher Holzb\u00e4nke und Tische aus rohem Bauholz urspr\u00fcnglich f\u00fcr den Aktionstag geplant war, reichte die Zeit an diesem intensiven Tag definitiv nicht aus, um dieses Bauprojekt abzuschliessen. Der Wunsch nach einer <strong>grossz\u00fcgigen Sitzgelegenheit bei der Grillstelle<\/strong> konnte jedoch im Sp\u00e4therbst erfolgreich nachgeholt werden. Am Donnerstag, den 13. November, zimmerten vier InitiantInnen (wobei das Team mittlerweile um zwei junge Personen erweitert wurde) gemeinsam mit Thomas Gschwind einen grossen Picknicktisch f\u00fcr den Birsplatz. Die Arbeit fand in der Werkstatt vom Wydekraftwerk statt. Dieser Tisch wird demn\u00e4chst zum Unterstand transportiert und bietet die gew\u00fcnschte Sitzgelegenheit. Die jungen Erwachsenen hatten nicht nur Spass am gemeinsamen Arbeiten, sondern erlernten dabei auch neue handwerkliche F\u00e4higkeiten. Somit ist der Wunsch nach der Sitzgelegenheit nun erf\u00fcllt.<\/p>\n\n\n\n<hr class=\"wp-block-separator has-alpha-channel-opacity\"\/>\n\n\n\n<h2 class=\"wp-block-heading\">Birsplatz und Kinderfreundliche Gemeinde<\/h2>\n\n\n\n<p>Der Treffpunkt Birsplatz ist ein herausragendes Beispiel f\u00fcr die erfolgreiche Umsetzung der \u00abKinderfreundlichen Gemeinde\u00bb in Dornach. Jugendliche und junge Erwachsene werden hier tatkr\u00e4ftig in ihrem Engagement unterst\u00fctzt, einen wichtigen Treffpunkt f\u00fcr die Gemeinde zu schaffen. Das Projekt entstand als direkte Massnahme aus dem Aktionsplan, der Dornach die Auszeichnung als \u00abKinderfreundliche Gemeinde\u00bb eingebracht hat und das Bed\u00fcrfnis nach mehr gedeckten Fl\u00e4chen mit Aufenthaltsqualit\u00e4t im Freien adressiert.<\/p>\n\n\n\n<figure class=\"wp-block-image size-full\"><img loading=\"lazy\" decoding=\"async\" width=\"516\" height=\"723\" src=\"https:\/\/jugendarbeit-dornach.ch\/wordpress\/wp-content\/uploads\/2025\/02\/Wochenblatt-6-2-25.png\" alt=\"\" class=\"wp-image-1719\" srcset=\"https:\/\/jugendarbeit-dornach.ch\/wordpress\/wp-content\/uploads\/2025\/02\/Wochenblatt-6-2-25.png 516w, https:\/\/jugendarbeit-dornach.ch\/wordpress\/wp-content\/uploads\/2025\/02\/Wochenblatt-6-2-25-214x300.png 214w\" sizes=\"(max-width: 516px) 100vw, 516px\" \/><figcaption class=\"wp-element-caption\">Dornach will kinderfreundlicher werden<\/figcaption><\/figure>\n","protected":false},"excerpt":{"rendered":"<p>Der&nbsp;Treffpunkt Birsplatz&nbsp;in Dornach soll einen attraktiven Ort f\u00fcr Jugendliche schaffen. Leonie Schnieper, Fabian Immeli und Arianna M\u00fchlheim haben ein Konzept<\/p>\n","protected":false},"author":1,"featured_media":0,"parent":0,"menu_order":0,"comment_status":"closed","ping_status":"closed","template":"","meta":{"footnotes":""},"class_list":["post-1716","page","type-page","status-publish","hentry","comments-off"],"_links":{"self":[{"href":"https:\/\/jugendarbeit-dornach.ch\/index.php\/wp-json\/wp\/v2\/pages\/1716","targetHints":{"allow":["GET"]}}],"collection":[{"href":"https:\/\/jugendarbeit-dornach.ch\/index.php\/wp-json\/wp\/v2\/pages"}],"about":[{"href":"https:\/\/jugendarbeit-dornach.ch\/index.php\/wp-json\/wp\/v2\/types\/page"}],"author":[{"embeddable":true,"href":"https:\/\/jugendarbeit-dornach.ch\/index.php\/wp-json\/wp\/v2\/users\/1"}],"replies":[{"embeddable":true,"href":"https:\/\/jugendarbeit-dornach.ch\/index.php\/wp-json\/wp\/v2\/comments?post=1716"}],"version-history":[{"count":7,"href":"https:\/\/jugendarbeit-dornach.ch\/index.php\/wp-json\/wp\/v2\/pages\/1716\/revisions"}],"predecessor-version":[{"id":1976,"href":"https:\/\/jugendarbeit-dornach.ch\/index.php\/wp-json\/wp\/v2\/pages\/1716\/revisions\/1976"}],"wp:attachment":[{"href":"https:\/\/jugendarbeit-dornach.ch\/index.php\/wp-json\/wp\/v2\/media?parent=1716"}],"curies":[{"name":"wp","href":"https:\/\/api.w.org\/{rel}","templated":true}]}}