{"id":1724,"date":"2025-02-17T10:40:16","date_gmt":"2025-02-17T09:40:16","guid":{"rendered":"https:\/\/jugendarbeit-dornach.ch\/?page_id=1724"},"modified":"2025-02-17T10:40:16","modified_gmt":"2025-02-17T09:40:16","slug":"kinderfreundliche-gemeinde","status":"publish","type":"page","link":"https:\/\/jugendarbeit-dornach.ch\/index.php\/kinderfreundliche-gemeinde\/","title":{"rendered":"Kinderfreundliche Gemeinde"},"content":{"rendered":"\n<p>Die Gemeinde Dornach hat die Initiative&nbsp;<strong>&#8222;Kinderfreundliche Gemeinde&#8220;<\/strong>&nbsp;ins Leben gerufen, um die Kinderrechte lokal zu f\u00f6rdern und die Lebensbedingungen f\u00fcr Kinder und Jugendliche zu verbessern. Ziel ist die Verankerung der Kinderrechte in Politik, Programmen und Budgets sowie die Schaffung eines kinderfreundlicheren Lebensumfelds und die F\u00f6rderung der&nbsp;<strong>Partizipation<\/strong>.&nbsp;<strong>Erste Schritte und Erfolge:<\/strong><\/p>\n\n\n\n<ul class=\"wp-block-list\">\n<li><strong>Standortbestimmung<\/strong>: Im Herbst 2023 wurde eine Analyse zur Kinderfreundlichkeit aus Sicht von Erwachsenen durchgef\u00fchrt.<\/li>\n\n\n\n<li><strong>Partizipation<\/strong>: Von April bis Juni 2024 konnten Kinder und Jugendliche in Workshops und Befragungen ihre Meinungen zu Freizeitangeboten und Spielpl\u00e4tzen \u00e4u\u00dfern.<\/li>\n\n\n\n<li><strong>Workshops f\u00fcr alle<\/strong>: Im November 2024 fanden \u00f6ffentliche Workshops statt, um Ma\u00dfnahmen zur Verbesserung der Lebensqualit\u00e4t zu diskutieren.<\/li>\n\n\n\n<li><strong>Aktionsplan<\/strong>: Die Ergebnisse dieser Schritte flie\u00dfen in einen Aktionsplan ein, der konkrete Ma\u00dfnahmen zur Steigerung der Kinderfreundlichkeit enth\u00e4lt.<\/li>\n<\/ul>\n\n\n\n<p><strong>Rolle der Jugendarbeit Dornach:<\/strong>\u00a0Die\u00a0<strong>Jugendarbeit Dornach<\/strong>\u00a0spielt eine zentrale Rolle im Zertifizierungsprozess. Sie ist aktiv in der Durchf\u00fchrung von Befragungen und Workshops beteiligt und entwickelt ein Beteiligungskonzept. Zudem organisiert sie Projekte wie die Jugendwoche und das Kinder-Spielfest.\u00a0Leiter\u00a0Thomas Gschwind\u00a0ist Teil der Projektleitung.<\/p>\n","protected":false},"excerpt":{"rendered":"<p>Die Gemeinde Dornach hat die Initiative&nbsp;&#8222;Kinderfreundliche Gemeinde&#8220;&nbsp;ins Leben gerufen, um die Kinderrechte lokal zu f\u00f6rdern und die Lebensbedingungen f\u00fcr Kinder<\/p>\n","protected":false},"author":1,"featured_media":0,"parent":0,"menu_order":0,"comment_status":"closed","ping_status":"closed","template":"","meta":{"footnotes":""},"class_list":["post-1724","page","type-page","status-publish","hentry","comments-off"],"_links":{"self":[{"href":"https:\/\/jugendarbeit-dornach.ch\/index.php\/wp-json\/wp\/v2\/pages\/1724","targetHints":{"allow":["GET"]}}],"collection":[{"href":"https:\/\/jugendarbeit-dornach.ch\/index.php\/wp-json\/wp\/v2\/pages"}],"about":[{"href":"https:\/\/jugendarbeit-dornach.ch\/index.php\/wp-json\/wp\/v2\/types\/page"}],"author":[{"embeddable":true,"href":"https:\/\/jugendarbeit-dornach.ch\/index.php\/wp-json\/wp\/v2\/users\/1"}],"replies":[{"embeddable":true,"href":"https:\/\/jugendarbeit-dornach.ch\/index.php\/wp-json\/wp\/v2\/comments?post=1724"}],"version-history":[{"count":1,"href":"https:\/\/jugendarbeit-dornach.ch\/index.php\/wp-json\/wp\/v2\/pages\/1724\/revisions"}],"predecessor-version":[{"id":1725,"href":"https:\/\/jugendarbeit-dornach.ch\/index.php\/wp-json\/wp\/v2\/pages\/1724\/revisions\/1725"}],"wp:attachment":[{"href":"https:\/\/jugendarbeit-dornach.ch\/index.php\/wp-json\/wp\/v2\/media?parent=1724"}],"curies":[{"name":"wp","href":"https:\/\/api.w.org\/{rel}","templated":true}]}}